{"id":1803,"date":"2023-04-28T07:26:04","date_gmt":"2023-04-28T07:26:04","guid":{"rendered":"http:\/\/www.esashowroom.com\/?page_id=1803"},"modified":"2025-11-16T21:16:44","modified_gmt":"2025-11-16T21:16:44","slug":"sikca-sorulan-sorular","status":"publish","type":"page","link":"http:\/\/www.esashowroom.com\/en\/sikca-sorulan-sorular\/","title":{"rendered":"S\u0131k\u00e7a Sorulan Sorular"},"content":{"rendered":"<div data-elementor-type=\"wp-page\" data-elementor-id=\"1803\" class=\"elementor elementor-1803\">\n\t\t\t\t<div class=\"elementor-element elementor-element-a666edc e-flex e-con-boxed e-con e-parent\" data-id=\"a666edc\" data-element_type=\"container\">\n\t\t\t\t\t<div class=\"e-con-inner\">\n\t\t\t\t<div class=\"elementor-element elementor-element-0071ca2 elementor-widget elementor-widget-ideapark-accordion\" data-id=\"0071ca2\" data-element_type=\"widget\" data-widget_type=\"ideapark-accordion.default\">\n\t\t\t\t<div class=\"elementor-widget-container\">\n\t\t\t\t\t\t\t<div class=\"c-ip-accordion\">\n\t\t\t<div class=\"c-ip-accordion__wrap\">\n\t\t\t\t<div class=\"c-ip-accordion__list\">\n\t\t\t\t\t\t\t\t\t\t<div class=\"c-ip-accordion__item\">\n\t\t\t\t\t\t<a class=\"c-ip-accordion__link js-accordion-title\" href=\"\" onclick=\"return false;\"><div class=\"c-ip-accordion__header\">E\u015eA&#039;YI NEREDEN SATIN ALAB\u0130L\u0130R\u0130M?<i class=\"ip-plus_big c-ip-accordion__arrow\"><\/i><\/div><\/a>\t\t\t\t\t\t<div class=\"c-ip-accordion__content entry-content\"><p><span class=\"jCAhz ChMk0b\"><span class=\"ryNqvb\">E\u015eA \u00fcr\u00fcnlerini resmi online ma\u011fazam\u0131zdan sat\u0131n alabilir veya \u0130stanbul, Be\u015fikta\u015f'taki ma\u011fazam\u0131z\u0131 ziyaret edebilirsiniz.<\/span><\/span><\/p><\/div>\t\t\t\t\t<\/div>\n\t\t\t\t\t\t\t\t\t\t<div class=\"c-ip-accordion__item\">\n\t\t\t\t\t\t<a class=\"c-ip-accordion__link js-accordion-title\" href=\"\" onclick=\"return false;\"><div class=\"c-ip-accordion__header\">HESAP OLU\u015eTURMADAN S\u0130PAR\u0130\u015e VEREB\u0130L\u0130R M\u0130Y\u0130M?<i class=\"ip-plus_big c-ip-accordion__arrow\"><\/i><\/div><\/a>\t\t\t\t\t\t<div class=\"c-ip-accordion__content entry-content\"><div class=\"lRu31\" dir=\"ltr\"><span class=\"HwtZe\" lang=\"tr\"><span class=\"jCAhz ChMk0b\"><span class=\"ryNqvb\">Evet, misafir olarak sipari\u015f verebilirsiniz.<\/span><\/span> <span class=\"jCAhz ChMk0b\"><span class=\"ryNqvb\">Ancak bir hesap olu\u015fturarak kargo ve fatura bilgilerinizi kaydedebilir, sipari\u015f ge\u00e7mi\u015finizi g\u00f6r\u00fcnt\u00fcleyebilir ve mevcut sipari\u015flerinizi takip edebilirsiniz.<\/span><\/span> <span class=\"jCAhz ChMk0b\"><span class=\"ryNqvb\">Aboneler ayr\u0131ca \u00f6zel teklifler, etkinlik davetleri ve toplulu\u011fumuza \u00f6zel g\u00fcncellemeler al\u0131rlar.<\/span><\/span><\/span><\/div><\/div>\t\t\t\t\t<\/div>\n\t\t\t\t\t\t\t\t\t\t<div class=\"c-ip-accordion__item\">\n\t\t\t\t\t\t<a class=\"c-ip-accordion__link js-accordion-title\" href=\"\" onclick=\"return false;\"><div class=\"c-ip-accordion__header\">HANG\u0130 PARA B\u0130R\u0130M\u0130NDEN \u00dcCRET ALINIYOR?<i class=\"ip-plus_big c-ip-accordion__arrow\"><\/i><\/div><\/a>\t\t\t\t\t\t<div class=\"c-ip-accordion__content entry-content\"><p>Yurt i\u00e7i al\u0131\u015fveri\u015flerde \u00fccretlendirme T\u00fcrk Liras\u0131 (\u20ba) \u00fczerinden yap\u0131lmaktad\u0131r.<\/p><\/div>\t\t\t\t\t<\/div>\n\t\t\t\t\t\t\t\t\t\t<div class=\"c-ip-accordion__item\">\n\t\t\t\t\t\t<a class=\"c-ip-accordion__link js-accordion-title\" href=\"\" onclick=\"return false;\"><div class=\"c-ip-accordion__header\">HANG\u0130 \u00d6DEME Y\u00d6NTEMLER\u0130N\u0130 KABUL ED\u0130YORSUNUZ?<i class=\"ip-plus_big c-ip-accordion__arrow\"><\/i><\/div><\/a>\t\t\t\t\t\t<div class=\"c-ip-accordion__content entry-content\"><div class=\"lRu31\" dir=\"ltr\"><span class=\"HwtZe\" lang=\"tr\"><span class=\"jCAhz ChMk0b\"><span class=\"ryNqvb\">Visa, Mastercard, Maestro, American Express, JCB, UnionPay, Visa Electron ve Discover kartlar\u0131n\u0131 kabul ediyoruz.<\/span><\/span> <span class=\"jCAhz ChMk0b\"><span class=\"ryNqvb\">T\u00fcm \u00f6demeler, \u00f6deme a\u011f ge\u00e7idimiz arac\u0131l\u0131\u011f\u0131yla g\u00fcvenli bir \u015fekilde i\u015flenir.<\/span><\/span><\/span><div class=\"OvtS8d\">\u00a0<\/div><div class=\"NQSJo\">\u00a0<\/div><\/div><div class=\"UdTY9 WdefRb\" aria-hidden=\"true\" data-location=\"2\">\u00a0<\/div><\/div>\t\t\t\t\t<\/div>\n\t\t\t\t\t\t\t\t\t\t<div class=\"c-ip-accordion__item\">\n\t\t\t\t\t\t<a class=\"c-ip-accordion__link js-accordion-title\" href=\"\" onclick=\"return false;\"><div class=\"c-ip-accordion__header\">S\u0130Z\u0130NLE NASIL \u0130LET\u0130\u015e\u0130ME GE\u00c7EB\u0130L\u0130R\u0130M?<i class=\"ip-plus_big c-ip-accordion__arrow\"><\/i><\/div><\/a>\t\t\t\t\t\t<div class=\"c-ip-accordion__content entry-content\"><div class=\"lRu31\" dir=\"ltr\"><span class=\"HwtZe\" lang=\"tr\"><span class=\"jCAhz ChMk0b\"><span class=\"ryNqvb\">Sorular\u0131n\u0131z i\u00e7in esa@esafashion.com adresine e-posta g\u00f6nderebilirsiniz.<\/span><\/span> <span class=\"jCAhz ChMk0b\"><span class=\"ryNqvb\">M\u00fc\u015fteri hizmetleri ekibimiz hafta i\u00e7i mesai saatleri i\u00e7erisinde (09:00 - 17:30 (GMT+3, \u0130stanbul saati) yan\u0131t verecektir. Hafta sonu veya resmi tatillerde g\u00f6nderilen mesajlar, bir sonraki i\u015f g\u00fcn\u00fcnde yan\u0131tlanacakt\u0131r.<\/span><\/span><\/span><\/div><\/div>\t\t\t\t\t<\/div>\n\t\t\t\t\t\t\t\t\t\t<div class=\"c-ip-accordion__item\">\n\t\t\t\t\t\t<a class=\"c-ip-accordion__link js-accordion-title\" href=\"\" onclick=\"return false;\"><div class=\"c-ip-accordion__header\">S\u0130PAR\u0130\u015e\u0130M\u0130N KARGOYA VER\u0130LMES\u0130 NE KADAR S\u00dcRER?<i class=\"ip-plus_big c-ip-accordion__arrow\"><\/i><\/div><\/a>\t\t\t\t\t\t<div class=\"c-ip-accordion__content entry-content\"><div class=\"lRu31\" dir=\"ltr\"><span class=\"jCAhz ChMk0b\"><span class=\"ryNqvb\">Sipari\u015fler genellikle sipari\u015finizi verdi\u011finiz g\u00fcnden itibaren 1-2 i\u015f g\u00fcn\u00fc i\u00e7inde kargoya verilir.<\/span><\/span> <span class=\"jCAhz ChMk0b\"><span class=\"ryNqvb\">\u0130ndirim d\u00f6nemlerinde veya resmi tatillerde i\u015flem s\u00fcreleri uzayabilir.<\/span><\/span> <span class=\"jCAhz ChMk0b\"><span class=\"ryNqvb\">Daha fazla bilgiyi Kargolama sayfam\u0131zda bulabilirsiniz.<\/span><\/span><\/div><\/div>\t\t\t\t\t<\/div>\n\t\t\t\t\t\t\t\t\t\t<div class=\"c-ip-accordion__item\">\n\t\t\t\t\t\t<a class=\"c-ip-accordion__link js-accordion-title\" href=\"\" onclick=\"return false;\"><div class=\"c-ip-accordion__header\">\u0130ADE POL\u0130T\u0130KANIZ NED\u0130R?<i class=\"ip-plus_big c-ip-accordion__arrow\"><\/i><\/div><\/a>\t\t\t\t\t\t<div class=\"c-ip-accordion__content entry-content\"><div class=\"lRu31\" dir=\"ltr\"><span class=\"HwtZe\" lang=\"tr\"><span class=\"jCAhz ChMk0b\"><span class=\"ryNqvb\">\u00dcr\u00fcn\u00fcn\u00fcz\u00fcn\/\u00fcr\u00fcnlerinizin size teslim edildi\u011fi tarihten itibaren 14 g\u00fcn i\u00e7inde iade talebinde bulunup geri g\u00f6nderebilirsiniz.<\/span><\/span> <span class=\"jCAhz ChMk0b\"><span class=\"ryNqvb\">\u00dcr\u00fcnlerin giyilmemi\u015f ve orijinal durumunda, t\u00fcm etiketleri \u00fczerinde olmas\u0131 gerekmektedir.<\/span><\/span> <span class=\"jCAhz ChMk0b\"><span class=\"ryNqvb\">L\u00fctfen sat\u0131n ald\u0131\u011f\u0131n\u0131z t\u00fcm \u00fcr\u00fcnlerin orijinal ambalaj\u0131nda \u200b\u200biade edilmesi gerekti\u011fini unutmay\u0131n.<\/span><\/span> <span class=\"jCAhz ChMk0b\"><span class=\"ryNqvb\">Alternatif ambalajda iade edilen \u00fcr\u00fcnler otomatik olarak reddedilecektir.<\/span><\/span> <span class=\"jCAhz ChMk0b\"><span class=\"ryNqvb\">\u00dcr\u00fcn iadesi hakk\u0131nda ayr\u0131nt\u0131l\u0131 bilgi i\u00e7in l\u00fctfen \u0130ade ve \u0130ade Politikas\u0131 sayfam\u0131z\u0131 ziyaret edin.<\/span><\/span><\/span><div class=\"OvtS8d\">\u00a0<\/div><div class=\"NQSJo\">\u00a0<\/div><\/div><div class=\"UdTY9 WdefRb\" aria-hidden=\"true\" data-location=\"2\">\u00a0<\/div><\/div>\t\t\t\t\t<\/div>\n\t\t\t\t\t\t\t\t\t\t<div class=\"c-ip-accordion__item\">\n\t\t\t\t\t\t<a class=\"c-ip-accordion__link js-accordion-title\" href=\"\" onclick=\"return false;\"><div class=\"c-ip-accordion__header\">\u00c7EVR\u0130M\u0130\u00c7\u0130 \u0130\u015eLEMLER G\u00dcVENL\u0130 M\u0130?<i class=\"ip-plus_big c-ip-accordion__arrow\"><\/i><\/div><\/a>\t\t\t\t\t\t<div class=\"c-ip-accordion__content entry-content\"><p><span class=\"jCAhz ChMk0b\"><span class=\"ryNqvb\">www.esashowroom.com \u00fczerinden yap\u0131lan \u00f6demelerde, ilgili finans kurulu\u015flar\u0131yla do\u011frudan \u00e7evrimi\u00e7i do\u011frulamalar yap\u0131lacakt\u0131r.<\/span><\/span> <span class=\"jCAhz ChMk0b\"><span class=\"ryNqvb\">\u00d6deme, finansal i\u015flemi y\u00f6netmekten sorumlu ortaklar taraf\u0131ndan g\u00fcvence alt\u0131na al\u0131n\u0131r.<\/span><\/span><span class=\"jCAhz ChMk0b\"><span class=\"ryNqvb\"> E\u015eA, i\u015flemlerin g\u00fcvenli\u011fini sa\u011flamak i\u00e7in risk de\u011ferlendirmeleri yapar ve \u00e7evrimi\u00e7i sat\u0131n al\u0131mlar i\u00e7in doland\u0131r\u0131c\u0131l\u0131k \u00f6nleme tedbirleri uygular.<\/span><\/span> <span class=\"jCAhz ChMk0b\"><span class=\"ryNqvb\">Ayr\u0131ca, i\u015flem g\u00fcvenli\u011fini sa\u011flamak amac\u0131yla do\u011frulama amac\u0131yla ek bilgi talep edebiliriz.<\/span><\/span><span class=\"jCAhz ChMk0b\"><span class=\"ryNqvb\"> \u0130stenen bilgilerin zaman\u0131nda veya tatmin edici bir \u015fekilde sa\u011flanmamas\u0131 durumunda, herhangi bir i\u015flemi veya sipari\u015fi iptal etme hakk\u0131m\u0131z\u0131 sakl\u0131 tutar\u0131z.<\/span><\/span><\/p><\/div>\t\t\t\t\t<\/div>\n\t\t\t\t\t\t\t\t\t<\/div>\n\t\t\t<\/div>\n\t\t<\/div>\n\t\t\t\t\t\t<\/div>\n\t\t\t\t<\/div>\n\t\t\t\t\t<\/div>\n\t\t\t\t<\/div>\n\t\t\t\t<\/div>","protected":false},"excerpt":{"rendered":"<p>E\u015eA&#039;YI NEREDEN SATIN ALAB\u0130L\u0130R\u0130M? E\u015eA \u00fcr\u00fcnlerini resmi online ma\u011fazam\u0131zdan sat\u0131n alabilir veya \u0130stanbul, Be\u015fikta\u015f&#8217;taki ma\u011fazam\u0131z\u0131 ziyaret edebilirsiniz. HESAP&hellip;<\/p>","protected":false},"author":1,"featured_media":0,"parent":0,"menu_order":0,"comment_status":"closed","ping_status":"closed","template":"","meta":{"footnotes":""},"class_list":["post-1803","page","type-page","status-publish","hentry"],"_links":{"self":[{"href":"http:\/\/www.esashowroom.com\/en\/wp-json\/wp\/v2\/pages\/1803","targetHints":{"allow":["GET"]}}],"collection":[{"href":"http:\/\/www.esashowroom.com\/en\/wp-json\/wp\/v2\/pages"}],"about":[{"href":"http:\/\/www.esashowroom.com\/en\/wp-json\/wp\/v2\/types\/page"}],"author":[{"embeddable":true,"href":"http:\/\/www.esashowroom.com\/en\/wp-json\/wp\/v2\/users\/1"}],"replies":[{"embeddable":true,"href":"http:\/\/www.esashowroom.com\/en\/wp-json\/wp\/v2\/comments?post=1803"}],"version-history":[{"count":4,"href":"http:\/\/www.esashowroom.com\/en\/wp-json\/wp\/v2\/pages\/1803\/revisions"}],"predecessor-version":[{"id":2906,"href":"http:\/\/www.esashowroom.com\/en\/wp-json\/wp\/v2\/pages\/1803\/revisions\/2906"}],"wp:attachment":[{"href":"http:\/\/www.esashowroom.com\/en\/wp-json\/wp\/v2\/media?parent=1803"}],"curies":[{"name":"wp","href":"https:\/\/api.w.org\/{rel}","templated":true}]}}