{"id":2884,"date":"2025-11-16T20:55:11","date_gmt":"2025-11-16T20:55:11","guid":{"rendered":"http:\/\/www.esashowroom.com\/?page_id=2884"},"modified":"2025-11-16T21:46:38","modified_gmt":"2025-11-16T21:46:38","slug":"yasal-uyari","status":"publish","type":"page","link":"http:\/\/www.esashowroom.com\/en\/yasal-uyari\/","title":{"rendered":"Yasal Uyar\u0131"},"content":{"rendered":"<p><strong>Alpay Nakliye \u0130n\u015faat San. ve Tic.<\/strong><\/p>\n\n\n\n<p><strong>K\u0130\u015e\u0130SEL VER\u0130LER\u0130N KORUNMASI KANUNU KAPSAMINDA AYDINLATMA METN\u0130<\/strong><\/p>\n\n\n\n<p>Alpay Nakliye \u0130n\u015faat San. ve Tic. (&#8220;<strong>E\u015eA<\/strong>&#8220;) olarak ki\u015fisel verilerinizin g\u00fcvenli\u011fi hususuna azami hassasiyet g\u00f6stermekteyiz. Bu bilin\u00e7le, E\u015eA olarak \u00fcr\u00fcn ve hizmetlerimizden faydalanan ki\u015filer dahil, E\u015eA ile ili\u015fkili t\u00fcm \u015fah\u0131slara ait her t\u00fcrl\u00fc ki\u015fisel verilerin 6698 say\u0131l\u0131 Ki\u015fisel Verilerin Korunmas\u0131 Kanunu (&#8220;KVKK&#8221;)&#8217;na uygun olarak i\u015flenerek, muhafaza edilmesine b\u00fcy\u00fck \u00f6nem atfetmekteyiz. Bu sorumlulu\u011fumuzun tam idraki ile KVKK kapsam\u0131nda tan\u0131ml\u0131 &#8220;Veri Sorumlusu&#8221; s\u0131fat\u0131yla, ki\u015fisel verilerinizi a\u015fa\u011f\u0131da izah edildi\u011fi surette ve mevzuat taraf\u0131ndan emredilen s\u0131n\u0131rlar \u00e7er\u00e7evesinde i\u015flemekteyiz.<\/p>\n\n\n\n<p><strong>1. \u0130\u015flenen Ki\u015fisel Verileriniz<\/strong><\/p>\n\n\n\n<p>Taraf\u0131m\u0131zca, i\u015flemeye konu olabilecek ki\u015fisel verileriniz a\u015fa\u011f\u0131daki gibidir:<\/p>\n\n\n\n<p><strong>Kimlik Verisi:<\/strong>&nbsp;Ad-soyad, T.C. kimlik numaras\u0131, uyruk bilgisi, anne-baba ad\u0131, do\u011fum yeri, do\u011fum tarihi, cinsiyet gibi bilgeleri i\u00e7eren ehliyet, n\u00fcfus c\u00fczdan\u0131 ve pasaport gibi belgeler<\/p>\n\n\n\n<p><strong>\u0130leti\u015fim Verisi:<\/strong>&nbsp;Telefon numaras\u0131, adres, e-mail adresi, faks numaras\u0131 gibi bilgiler<\/p>\n\n\n\n<p><strong>M\u00fc\u015fteri \u0130\u015flem Verisi:<\/strong>&nbsp;\u00c7a\u011fr\u0131 merkezi kay\u0131tlar\u0131, fatura, senet, \u00e7ek bilgileri, gi\u015fe dekontlar\u0131ndaki bilgiler, sipari\u015f bilgisi, talep bilgisi gibi bilgiler<\/p>\n\n\n\n<p><strong>\u0130\u015flem G\u00fcvenli\u011fi Verisi:<\/strong>&nbsp;IP adresi bilgileri, internet sitesi giri\u015f \u00e7\u0131k\u0131\u015f bilgileri, \u015fifre ve parola bilgileri gibi bilgiler<\/p>\n\n\n\n<p><strong>Risk Y\u00f6netimi Verisi:<\/strong>&nbsp;IP adresi, al\u0131\u015fveri\u015f ge\u00e7mi\u015fi bilgileri gibi bilgiler<\/p>\n\n\n\n<p><strong>Finansal Veri:<\/strong>&nbsp;Bilan\u00e7o bilgileri, finansal performans bilgileri, kredi ve risk bilgileri, malvarl\u0131\u011f\u0131 bilgileri gibi bilgiler<\/p>\n\n\n\n<p><strong>Pazarlama Verisi:<\/strong>&nbsp;Al\u0131\u015fveri\u015f ge\u00e7mi\u015fi bilgileri, anket, \u00e7erez kay\u0131tlar\u0131, kampanya \u00e7al\u0131\u015fmas\u0131yla elde edilen bilgiler<\/p>\n\n\n\n<p><strong>2. Ki\u015fisel Verilerinizin \u0130\u015flenme Ama\u00e7lar\u0131<\/strong><\/p>\n\n\n\n<p>Ki\u015fisel verileriniz;<\/p>\n\n\n\n<p>\u2022 E\u015eA taraf\u0131ndan sunulan \u00fcr\u00fcn ve hizmetlerden sizleri faydaland\u0131rmak i\u00e7in gerekli \u00e7al\u0131\u015fmalar\u0131n i\u015f birimlerimiz taraf\u0131ndan yap\u0131lmas\u0131,<\/p>\n\n\n\n<p>\u2022 E\u015eA taraf\u0131ndan sunulan \u00fcr\u00fcn ve hizmetlerin sizlerin be\u011feni, kullan\u0131m al\u0131\u015fkanl\u0131klar\u0131 ve ihtiya\u00e7lar\u0131na g\u00f6re \u00f6zelle\u015ftirilerek sizlere \u00f6nerilmesi,<\/p>\n\n\n\n<p>\u2022 E\u015eA&#8217;n\u0131n ve E\u015eA ile i\u015f ili\u015fkisi i\u00e7erisinde olan ki\u015filerin hukuki ve ticari g\u00fcvenli\u011finin temini (E\u015eA taraf\u0131ndan y\u00fcr\u00fct\u00fclen ileti\u015fime y\u00f6nelik idari operasyonlar, E\u015eA&#8217;ya ait lokasyonlar\u0131n fiziksel g\u00fcvenli\u011fini ve denetimini sa\u011flamak, i\u015f orta\u011f\u0131\/m\u00fc\u015fteri\/tedarik\u00e7i (yetkili veya \u00e7al\u0131\u015fanlar\u0131) de\u011ferlendirme s\u00fcre\u00e7leri, hukuki uyum s\u00fcreci, mali i\u015fler v.b.),<\/p>\n\n\n\n<p>\u2022 E\u015eA&#8217;n\u0131n ticari ve i\u015f stratejilerinin belirlenmesi ve uygulanmas\u0131 ve E\u015eA&#8217;n\u0131n insan kaynaklar\u0131 politikalar\u0131n\u0131n y\u00fcr\u00fct\u00fclmesinin temini ama\u00e7lar\u0131yla KVKK&#8217;n\u0131n 5. ve 6. maddelerinde belirtilen ki\u015fisel veri i\u015fleme \u015fartlar\u0131 ve ama\u00e7lar\u0131 dahilinde i\u015flenecektir.<\/p>\n\n\n\n<p><strong>3. \u0130\u015flenen Ki\u015fisel Verilerin Kimlere ve Hangi Ama\u00e7la Aktar\u0131labilece\u011fi<\/strong><\/p>\n\n\n\n<p>Toplanan ki\u015fisel verileriniz;<\/p>\n\n\n\n<p>\u2022 E\u015eA taraf\u0131ndan sunulan \u00fcr\u00fcn ve hizmetlerden sizleri faydaland\u0131rmak i\u00e7in gerekli \u00e7al\u0131\u015fmalar\u0131n i\u015f birimlerimiz taraf\u0131ndan yap\u0131lmas\u0131,<\/p>\n\n\n\n<p>\u2022 E\u015eA taraf\u0131ndan sunulan \u00fcr\u00fcn ve hizmetlerin sizlerin be\u011feni, kullan\u0131m al\u0131\u015fkanl\u0131klar\u0131 ve ihtiya\u00e7lar\u0131na g\u00f6re \u00f6zelle\u015ftirilerek sizlere \u00f6nerilmesi,<\/p>\n\n\n\n<p>\u2022 E\u015eA&#8217;n\u0131n ve E\u015eA ile i\u015f ili\u015fkisi i\u00e7erisinde olan ki\u015filerin hukuki ve ticari g\u00fcvenli\u011finin temini (E\u015eA taraf\u0131ndan y\u00fcr\u00fct\u00fclen ileti\u015fime y\u00f6nelik idari operasyonlar, E\u015eA&#8217;ya ait lokasyonlar\u0131n fiziksel g\u00fcvenli\u011fini ve denetimini sa\u011flamak, i\u015f orta\u011f\u0131\/m\u00fc\u015fteri\/tedarik\u00e7i (yetkili veya \u00e7al\u0131\u015fanlar\u0131) de\u011ferlendirme s\u00fcre\u00e7leri, hukuki uyum s\u00fcreci, mali i\u015fler v.b.),<\/p>\n\n\n\n<p>\u2022 E\u015eA&#8217;n\u0131n ticari ve i\u015f stratejilerinin belirlenmesi ve uygulanmas\u0131 ile E\u015eA&#8217;n\u0131n insan kaynaklar\u0131 politikalar\u0131n\u0131n y\u00fcr\u00fct\u00fclmesinin temini ama\u00e7lar\u0131yla i\u015f ortaklar\u0131m\u0131za, tedarik\u00e7ilerimize, hissedarlar\u0131m\u0131za, kanunen yetkili kamu kurumlar\u0131 ve \u00f6zel ki\u015filere, KVKK&#8217;n\u0131n 8. ve 9. maddelerinde belirtilen ki\u015fisel veri i\u015fleme \u015fartlar\u0131 ve ama\u00e7lar\u0131 \u00e7er\u00e7evesinde aktar\u0131labilecektir.<\/p>\n\n\n\n<p><strong>4. Ki\u015fisel Veri Toplaman\u0131n Y\u00f6ntemi ve Hukuki Sebebi<\/strong><\/p>\n\n\n\n<p>Ki\u015fisel verileriniz, her t\u00fcrl\u00fc s\u00f6zl\u00fc, yaz\u0131l\u0131 ya da elektronik ortamda, yukar\u0131da yer verilen ama\u00e7lar do\u011frultusunda \u015eirket\u00e7e sundu\u011fumuz \u00fcr\u00fcn ve hizmetlerin belirlenen yasal \u00e7er\u00e7evede sunulabilmesi ve bu kapsamda \u015eirketimizin s\u00f6zle\u015fme ve yasadan do\u011fan mesuliyetlerini eksiksiz ve do\u011fru bir \u015fekilde yerine getirebilmesi gayesi ile edinilir. Bu hukuki sebeple toplanan ki\u015fisel verileriniz KVKK&#8217;n\u0131n 5. ve 6. maddelerinde belirtilen ki\u015fisel veri i\u015fleme \u015fartlar\u0131 ve ama\u00e7lar\u0131 kapsam\u0131nda bu metnin (1) ve (2) numaral\u0131 maddelerinde belirtilen ama\u00e7larla da i\u015flenebilmekte ve aktar\u0131labilmektedir.<\/p>\n\n\n\n<p><strong>5. Ki\u015fisel Veri Sahibinin KVKK&#8217;n\u0131n 11. Maddesinde Say\u0131lan Haklar\u0131<\/strong><\/p>\n\n\n\n<p>Ki\u015fisel veri sahipleri olarak, haklar\u0131n\u0131za ili\u015fkin taleplerinizi, i\u015fbu Ayd\u0131nlatma Metni&#8217;nde a\u015fa\u011f\u0131da d\u00fczenlenen y\u00f6ntemlerle \u015eirketimize iletmeniz durumunda \u015eirketimiz talebin niteli\u011fine g\u00f6re talebi en ge\u00e7 otuz g\u00fcn i\u00e7inde \u00fccretsiz olarak sonu\u00e7land\u0131racakt\u0131r. Ancak, Ki\u015fisel Verileri Koruma Kurulunca bir \u00fccret \u00f6ng\u00f6r\u00fclmesi halinde, \u015eirketimiz taraf\u0131ndan belirlenen tarifedeki \u00fccret al\u0131nacakt\u0131r. Bu kapsamda ki\u015fisel veri sahipleri;<\/p>\n\n\n\n<p>\u2022 Ki\u015fisel veri i\u015flenip i\u015flenmedi\u011fini \u00f6\u011frenme,<\/p>\n\n\n\n<p>\u2022 Ki\u015fisel verileri i\u015flenmi\u015fse buna ili\u015fkin bilgi talep etme,<\/p>\n\n\n\n<p>\u2022 Ki\u015fisel verilerin i\u015flenme amac\u0131n\u0131 ve bunlar\u0131n amac\u0131na uygun kullan\u0131l\u0131p kullan\u0131lmad\u0131\u011f\u0131n\u0131 \u00f6\u011frenme,<\/p>\n\n\n\n<p>\u2022 Yurt i\u00e7inde veya yurt d\u0131\u015f\u0131nda ki\u015fisel verilerin aktar\u0131ld\u0131\u011f\u0131 \u00fc\u00e7\u00fcnc\u00fc ki\u015fileri bilme,<\/p>\n\n\n\n<p>\u2022 Ki\u015fisel verilerin eksik veya yanl\u0131\u015f i\u015flenmi\u015f olmas\u0131 h\u00e2linde bunlar\u0131n d\u00fczeltilmesini isteme ve bu kapsamda yap\u0131lan i\u015flemin ki\u015fisel verilerin aktar\u0131ld\u0131\u011f\u0131 \u00fc\u00e7\u00fcnc\u00fc ki\u015filere bildirilmesini isteme,<\/p>\n\n\n\n<p>\u2022 KVKK&#8217;n\u0131n ve ilgili di\u011fer kanun h\u00fck\u00fcmlerine uygun olarak i\u015flenmi\u015f olmas\u0131na ra\u011fmen, i\u015flenmesini gerektiren sebeplerin ortadan kalkmas\u0131 h\u00e2linde ki\u015fisel verilerin silinmesini veya yok edilmesini isteme ve bu kapsamda yap\u0131lan i\u015flemin ki\u015fisel verilerin aktar\u0131ld\u0131\u011f\u0131 \u00fc\u00e7\u00fcnc\u00fc ki\u015filere bildirilmesini isteme,<\/p>\n\n\n\n<p>\u2022 \u0130\u015flenen verilerin m\u00fcnhas\u0131ran otomatik sistemler vas\u0131tas\u0131yla analiz edilmesi suretiyle ki\u015finin kendisi aleyhine bir sonucun ortaya \u00e7\u0131kmas\u0131na itiraz etme,<\/p>\n\n\n\n<p>\u2022 Ki\u015fisel verilerin kanuna ayk\u0131r\u0131 olarak i\u015flenmesi sebebiyle zarara u\u011framas\u0131 h\u00e2linde zarar\u0131n giderilmesini talep etme haklar\u0131na sahiptir.<\/p>\n\n\n\n<p>KVKK&#8217;n\u0131n 13. maddesinin 1. f\u0131kras\u0131 gere\u011fince, yukar\u0131da belirtilen haklar\u0131n\u0131z\u0131 kullanmak i\u00e7in talebinizi, yaz\u0131l\u0131 veya Ki\u015fisel Verileri Koruma Kurulu&#8217;nun belirledi\u011fi di\u011fer y\u00f6ntemlerle \u015eirketimize iletebilirsiniz. Ki\u015fisel Verileri Koruma Kurulu, \u015fu a\u015famada herhangi bir y\u00f6ntem belirlemedi\u011fi i\u00e7in, ba\u015fvurunuzu, KVKK gere\u011fince, yaz\u0131l\u0131 olarak \u015eirketimize iletmeniz gerekmektedir. Bu \u00e7er\u00e7evede \u015eirketimize KVKK&#8217;n\u0131n 11. maddesi kapsam\u0131nda yapaca\u011f\u0131n\u0131z ba\u015fvurularda yaz\u0131l\u0131 olarak ba\u015fvurunuzu iletece\u011finiz kanallar ve usuller a\u015fa\u011f\u0131da a\u00e7\u0131klanmaktad\u0131r.<\/p>\n\n\n\n<p>Yukar\u0131da belirtilen haklar\u0131n\u0131z\u0131 kullanmak i\u00e7in kimli\u011finizi tespit edici gerekli bilgiler ile KVKK&#8217;n\u0131n 11. maddesinde belirtilen haklardan kullanmay\u0131 talep etti\u011finiz hakk\u0131n\u0131za y\u00f6nelik a\u00e7\u0131klamalar\u0131n\u0131z\u0131 i\u00e7eren talebinizi; www.esashowroom.com adresindeki formu doldurarak, formun imzal\u0131 bir n\u00fcshas\u0131n\u0131 Abdurrahmangazi Mah. Ebubekir Cad. G\u00f6k\u00e7eler Plaza No:20\/2 Sancaktepe,\u00a0\u0130stanbul adresine kimli\u011finizi tespit edici belgeler ile bizzat elden iletebilir, noter kanal\u0131yla veya KVKK&#8217;da belirtilen di\u011fer y\u00f6ntemler ile g\u00f6nderebilir veya ilgili formu esa@esafashion.com adresine g\u00fcvenli elektronik imzal\u0131 olarak iletebilirsiniz.<\/p>","protected":false},"excerpt":{"rendered":"<p>Alpay Nakliye \u0130n\u015faat San. ve Tic. K\u0130\u015e\u0130SEL VER\u0130LER\u0130N KORUNMASI KANUNU KAPSAMINDA AYDINLATMA METN\u0130 Alpay Nakliye \u0130n\u015faat San. ve&hellip;<\/p>","protected":false},"author":1,"featured_media":0,"parent":0,"menu_order":0,"comment_status":"closed","ping_status":"closed","template":"","meta":{"footnotes":""},"class_list":["post-2884","page","type-page","status-publish","hentry"],"_links":{"self":[{"href":"http:\/\/www.esashowroom.com\/en\/wp-json\/wp\/v2\/pages\/2884","targetHints":{"allow":["GET"]}}],"collection":[{"href":"http:\/\/www.esashowroom.com\/en\/wp-json\/wp\/v2\/pages"}],"about":[{"href":"http:\/\/www.esashowroom.com\/en\/wp-json\/wp\/v2\/types\/page"}],"author":[{"embeddable":true,"href":"http:\/\/www.esashowroom.com\/en\/wp-json\/wp\/v2\/users\/1"}],"replies":[{"embeddable":true,"href":"http:\/\/www.esashowroom.com\/en\/wp-json\/wp\/v2\/comments?post=2884"}],"version-history":[{"count":2,"href":"http:\/\/www.esashowroom.com\/en\/wp-json\/wp\/v2\/pages\/2884\/revisions"}],"predecessor-version":[{"id":2918,"href":"http:\/\/www.esashowroom.com\/en\/wp-json\/wp\/v2\/pages\/2884\/revisions\/2918"}],"wp:attachment":[{"href":"http:\/\/www.esashowroom.com\/en\/wp-json\/wp\/v2\/media?parent=2884"}],"curies":[{"name":"wp","href":"https:\/\/api.w.org\/{rel}","templated":true}]}}