{"id":2889,"date":"2025-11-16T20:57:34","date_gmt":"2025-11-16T20:57:34","guid":{"rendered":"http:\/\/www.esashowroom.com\/?page_id=2889"},"modified":"2025-11-16T21:31:33","modified_gmt":"2025-11-16T21:31:33","slug":"iade-ve-iade-politikasi","status":"publish","type":"page","link":"http:\/\/www.esashowroom.com\/en\/iade-ve-iade-politikasi\/","title":{"rendered":"\u0130ade ve \u0130ade Politikas\u0131"},"content":{"rendered":"<p><strong>\u00dcCRETS\u0130Z \u0130ADE<\/strong><\/p>\n\n\n\n<p>E\u015eA, t\u00fcm online sipari\u015fler i\u00e7in \u00fccretsiz iade imkan\u0131 sunmaktan mutluluk duyar. Online al\u0131\u015fveri\u015flerin fiziksel ma\u011fazalar\u0131m\u0131zda iade edilemeyece\u011fini l\u00fctfen unutmay\u0131n. Farkl\u0131 bir beden veya renkle ilgileniyorsan\u0131z, l\u00fctfen \u00fcr\u00fcn\u00fc\/\u00fcr\u00fcnleri iade edin ve yeni bir sipari\u015f verin. \u0130ade etiketleri, teslim al\u0131nd\u0131\u011f\u0131 tarihten itibaren 7 g\u00fcn i\u00e7inde kullan\u0131lmal\u0131d\u0131r ve yeniden bas\u0131lamaz. Her etiket tek kullan\u0131ml\u0131kt\u0131r ve yaln\u0131zca onayl\u0131 \u00fcr\u00fcnler i\u00e7in ge\u00e7erlidir. L\u00fctfen iadenin bu s\u00fcre i\u00e7inde tamamland\u0131\u011f\u0131ndan emin olun.<\/p>\n\n\n\n<div style=\"height:10px\" aria-hidden=\"true\" class=\"wp-block-spacer\"><\/div>\n\n\n\n<p><strong>\u0130ADE ED\u0130LEN \u00dcR\u00dcNLER\u0130N DURUMU<\/strong><\/p>\n\n\n\n<p>\u00dcr\u00fcnler giyilmemi\u015f, kullan\u0131lmam\u0131\u015f ve sat\u0131labilir durumda olmal\u0131d\u0131r. \u00dcr\u00fcnler, t\u00fcm etiketleri ve etiketleri \u00fczerinde olacak \u015fekilde orijinal ambalaj\u0131nda \u200b\u200bolmal\u0131d\u0131r.<\/p>\n\n\n\n<div style=\"height:10px\" aria-hidden=\"true\" class=\"wp-block-spacer\"><\/div>\n\n\n\n<p><strong>\u0130ADE G\u00d6NDER\u0130M Y\u00d6NTEM\u0130<\/strong><\/p>\n\n\n\n<p>\u0130ade irsaliyesini sa\u011flayan kargo \u015firketiyle \u00fccretsiz iade imkan\u0131 sunuyoruz. Ba\u015fka bir kargo hizmeti kullanmay\u0131 tercih ederseniz, iade kargo masraflar\u0131 size ait olacakt\u0131r. Siedr\u00e9s, iade s\u0131ras\u0131nda kaybolan veya hasar g\u00f6ren \u00fcr\u00fcnlerden sorumlu de\u011fildir. T\u00fcm iade paketlerinin g\u00fcvenli bir \u015fekilde paketlendi\u011finden ve takip edilebilir, sigortal\u0131 bir hizmet kullan\u0131larak g\u00f6nderildi\u011finden emin olun. L\u00fctfen sat\u0131n ald\u0131\u011f\u0131n\u0131z t\u00fcm \u00fcr\u00fcnlerin orijinal ambalaj\u0131nda \u200b\u200biade edilmesi gerekti\u011fini unutmay\u0131n. Alternatif ambalajda iade edilen \u00fcr\u00fcnler otomatik olarak reddedilecektir.<\/p>\n\n\n\n<div style=\"height:10px\" aria-hidden=\"true\" class=\"wp-block-spacer\"><\/div>\n\n\n\n<p><strong>\u0130ADE \u0130\u015eLEMLER\u0130<\/strong><\/p>\n\n\n\n<p>\u0130ade etti\u011finiz \u00fcr\u00fcn(ler) taraf\u0131m\u0131za ula\u015ft\u0131ktan sonra, iadenizi 5-7 i\u015f g\u00fcn\u00fc i\u00e7inde i\u015fleme koyaca\u011f\u0131z. \u0130adeler, sat\u0131n alma s\u0131ras\u0131nda kulland\u0131\u011f\u0131n\u0131z \u00f6deme y\u00f6ntemine yap\u0131lacakt\u0131r. \u0130ade edilen \u00fcr\u00fcnler incelendikten sonra iade durumu hakk\u0131nda bilgilendirileceksiniz. \u0130adeler, sipari\u015finiz s\u0131ras\u0131nda web sitemizde belirtilen fiyat\u0131 yans\u0131tacakt\u0131r.<\/p>\n\n\n\n<div style=\"height:10px\" aria-hidden=\"true\" class=\"wp-block-spacer\"><\/div>\n\n\n\n<p><strong>\u0130ADE YETK\u0130LEND\u0130RMES\u0130<\/strong><\/p>\n\n\n\n<p>\u0130ade formunu doldurmadan ve \u00f6nceden onay almadan iade edilen \u00fcr\u00fcnler otomatik olarak reddedilecektir. \u0130ade talebinde bulunmak i\u00e7in l\u00fctfen iade sayfam\u0131z \u00fczerinden bir iade formu g\u00f6nderin veya yard\u0131m i\u00e7in m\u00fc\u015fteri hizmetleri ekibimizle ileti\u015fime ge\u00e7in. \u0130adeniz onaylanmazsa, sizi e-posta yoluyla bilgilendirece\u011fiz.<\/p>\n\n\n\n<div style=\"height:10px\" aria-hidden=\"true\" class=\"wp-block-spacer\"><\/div>\n\n\n\n<p><strong>\u0130ADE S\u00dcRES\u0130 \u00c7ER\u00c7EVES\u0130<\/strong><\/p>\n\n\n\n<p>\u0130ade talebinde bulunmak ve \u00fcr\u00fcn\u00fc geri g\u00f6ndermek i\u00e7in teslimat tarihinden itibaren 14 g\u00fcn\u00fcn\u00fcz var.<\/p>\n\n\n\n<div class=\"wp-block-buttons is-content-justification-center is-layout-flex wp-container-core-buttons-is-layout-5590e8cb wp-block-buttons-is-layout-flex\">\n<div class=\"wp-block-button\"><a class=\"wp-block-button__link wp-element-button\"><strong>\u0130ADE S\u00dcREC\u0130N\u0130 BA\u015eLATIN<\/strong><\/a><\/div>\n<\/div>","protected":false},"excerpt":{"rendered":"<p>\u00dcCRETS\u0130Z \u0130ADE E\u015eA, t\u00fcm online sipari\u015fler i\u00e7in \u00fccretsiz iade imkan\u0131 sunmaktan mutluluk duyar. Online al\u0131\u015fveri\u015flerin fiziksel ma\u011fazalar\u0131m\u0131zda iade&hellip;<\/p>","protected":false},"author":1,"featured_media":0,"parent":0,"menu_order":0,"comment_status":"closed","ping_status":"closed","template":"","meta":{"footnotes":""},"class_list":["post-2889","page","type-page","status-publish","hentry"],"_links":{"self":[{"href":"http:\/\/www.esashowroom.com\/en\/wp-json\/wp\/v2\/pages\/2889","targetHints":{"allow":["GET"]}}],"collection":[{"href":"http:\/\/www.esashowroom.com\/en\/wp-json\/wp\/v2\/pages"}],"about":[{"href":"http:\/\/www.esashowroom.com\/en\/wp-json\/wp\/v2\/types\/page"}],"author":[{"embeddable":true,"href":"http:\/\/www.esashowroom.com\/en\/wp-json\/wp\/v2\/users\/1"}],"replies":[{"embeddable":true,"href":"http:\/\/www.esashowroom.com\/en\/wp-json\/wp\/v2\/comments?post=2889"}],"version-history":[{"count":2,"href":"http:\/\/www.esashowroom.com\/en\/wp-json\/wp\/v2\/pages\/2889\/revisions"}],"predecessor-version":[{"id":2911,"href":"http:\/\/www.esashowroom.com\/en\/wp-json\/wp\/v2\/pages\/2889\/revisions\/2911"}],"wp:attachment":[{"href":"http:\/\/www.esashowroom.com\/en\/wp-json\/wp\/v2\/media?parent=2889"}],"curies":[{"name":"wp","href":"https:\/\/api.w.org\/{rel}","templated":true}]}}