{"id":2479,"date":"2025-11-11T17:01:51","date_gmt":"2025-11-11T17:01:51","guid":{"rendered":"http:\/\/www.esashowroom.com\/?post_type=product&#038;p=2479"},"modified":"2026-04-12T17:36:14","modified_gmt":"2026-04-12T17:36:14","slug":"alexanderia-gomlek","status":"publish","type":"product","link":"https:\/\/www.esashowroom.com\/en\/shop\/alexanderia-gomlek\/","title":{"rendered":"Alexanderia Shirt"},"content":{"rendered":"<p>HAT-AY Collection<\/p>\n<p>Our brand, founded by embracing Ehram fabric and shaping E\u015eA\u2019s identity with inspiration from Bayburt \u2014 an Anatolian city and the land of our ancestors \u2014 now brings Ehram together with the pure silk fabric of Hatay, the city of civilizations and our homeland. Hatay\u2019s heritage of pure silk carries the city\u2019s centuries-old mystical and enigmatic spirit; the delicacy of the silk cocoon meets the firm stance of Ehram, creating the \u201cHat-Ay\u201d collection. In this collection, cream-dominant earth tones and gold-plated materials featuring the silhouette of Atat\u00fcrk are used, emphasizing Hatay\u2019s significance to Atat\u00fcrk.<\/p>\n<p>100% Raw Silk<\/p>","protected":false},"excerpt":{"rendered":"<p>HAT-AY Collection Ehram kuma\u015f\u0131n\u0131 benimseyip E\u015fa\u2019n\u0131n kimli\u011fini olu\u015fturdu\u011fu Anadolu ili ve atalar\u0131m\u0131z\u0131n \u015fehri Bayburt\u2018tan ilham alarak kurdu\u011fumuz markam\u0131z&hellip;<\/p>","protected":false},"featured_media":2483,"comment_status":"open","ping_status":"closed","template":"","meta":[],"product_cat":[166,112],"product_tag":[],"class_list":{"0":"post-2479","1":"product","2":"type-product","3":"status-publish","4":"has-post-thumbnail","6":"product_cat-hat-ay","7":"product_cat-gomlek","9":"first","10":"instock","11":"sale","12":"shipping-taxable","13":"purchasable","14":"product-type-variable"},"_links":{"self":[{"href":"https:\/\/www.esashowroom.com\/en\/wp-json\/wp\/v2\/product\/2479","targetHints":{"allow":["GET"]}}],"collection":[{"href":"https:\/\/www.esashowroom.com\/en\/wp-json\/wp\/v2\/product"}],"about":[{"href":"https:\/\/www.esashowroom.com\/en\/wp-json\/wp\/v2\/types\/product"}],"replies":[{"embeddable":true,"href":"https:\/\/www.esashowroom.com\/en\/wp-json\/wp\/v2\/comments?post=2479"}],"version-history":[{"count":1,"href":"https:\/\/www.esashowroom.com\/en\/wp-json\/wp\/v2\/product\/2479\/revisions"}],"predecessor-version":[{"id":2482,"href":"https:\/\/www.esashowroom.com\/en\/wp-json\/wp\/v2\/product\/2479\/revisions\/2482"}],"wp:featuredmedia":[{"embeddable":true,"href":"https:\/\/www.esashowroom.com\/en\/wp-json\/wp\/v2\/media\/2483"}],"wp:attachment":[{"href":"https:\/\/www.esashowroom.com\/en\/wp-json\/wp\/v2\/media?parent=2479"}],"wp:term":[{"taxonomy":"product_cat","embeddable":true,"href":"https:\/\/www.esashowroom.com\/en\/wp-json\/wp\/v2\/product_cat?post=2479"},{"taxonomy":"product_tag","embeddable":true,"href":"https:\/\/www.esashowroom.com\/en\/wp-json\/wp\/v2\/product_tag?post=2479"}],"curies":[{"name":"wp","href":"https:\/\/api.w.org\/{rel}","templated":true}]}}