{"id":2517,"date":"2025-11-11T17:52:31","date_gmt":"2025-11-11T17:52:31","guid":{"rendered":"http:\/\/www.esashowroom.com\/?post_type=product&#038;p=2517"},"modified":"2026-04-12T16:49:28","modified_gmt":"2026-04-12T16:49:28","slug":"canopus-crop-top","status":"publish","type":"product","link":"https:\/\/www.esashowroom.com\/en\/shop\/canopus-crop-top\/","title":{"rendered":"Canopus Crop Top"},"content":{"rendered":"<p>SUPERNOVA<\/p>\n<p>&nbsp;<\/p>\n<p>Much like the seemingly stationary state of slowly evolving stars, some lives appear calm and unchanging from the outside \u2014 as if there is little movement at all. Yet, with a small step into their inner depth, they seek direction within the sensed emptiness of the flow. This search, shaped by the gestalt of past and future, leads to pausing in the Now and beginning to reflect \u2014 the realization of being present. The human being\u2019s own existence, the discovery of inner power, reaching the threshold of consciousness\u2026 The rise of awareness, the intensity of encounter, and eventually arriving at oneself \u2014 comprehension; just like most stars that, instead of dying after an explosion, are reborn, transforming at the moment of the blast and scattering colorful stardust all around. In Supernova, we shone like stardust and scattered small colors. Even if we are like stardust in the universe, we are the universe itself.\nE\u015eA presents the Supernova collection, consisting of seven pieces.<\/p>\n<p>70% Cotton 30% Wool<\/p>","protected":false},"excerpt":{"rendered":"<p>SUPERNOVA &nbsp; \u00c7ok yava\u015f geli\u015fen ve de\u011fi\u015fen y\u0131ld\u0131zlar\u0131n dura\u011fan konumuna benzer kimi\u00a0insan\u0131n ya\u015fam\u0131; d\u0131\u015far\u0131dan bak\u0131ld\u0131\u011f\u0131nda pek bir hareket&hellip;<\/p>","protected":false},"featured_media":2518,"comment_status":"open","ping_status":"closed","template":"","meta":[],"product_cat":[164,158],"product_tag":[],"class_list":{"0":"post-2517","1":"product","2":"type-product","3":"status-publish","4":"has-post-thumbnail","6":"product_cat-supernova","7":"product_cat-ust-giyim-kadin","9":"first","10":"instock","11":"sale","12":"shipping-taxable","13":"purchasable","14":"product-type-variable"},"_links":{"self":[{"href":"https:\/\/www.esashowroom.com\/en\/wp-json\/wp\/v2\/product\/2517","targetHints":{"allow":["GET"]}}],"collection":[{"href":"https:\/\/www.esashowroom.com\/en\/wp-json\/wp\/v2\/product"}],"about":[{"href":"https:\/\/www.esashowroom.com\/en\/wp-json\/wp\/v2\/types\/product"}],"replies":[{"embeddable":true,"href":"https:\/\/www.esashowroom.com\/en\/wp-json\/wp\/v2\/comments?post=2517"}],"version-history":[{"count":1,"href":"https:\/\/www.esashowroom.com\/en\/wp-json\/wp\/v2\/product\/2517\/revisions"}],"predecessor-version":[{"id":2520,"href":"https:\/\/www.esashowroom.com\/en\/wp-json\/wp\/v2\/product\/2517\/revisions\/2520"}],"wp:featuredmedia":[{"embeddable":true,"href":"https:\/\/www.esashowroom.com\/en\/wp-json\/wp\/v2\/media\/2518"}],"wp:attachment":[{"href":"https:\/\/www.esashowroom.com\/en\/wp-json\/wp\/v2\/media?parent=2517"}],"wp:term":[{"taxonomy":"product_cat","embeddable":true,"href":"https:\/\/www.esashowroom.com\/en\/wp-json\/wp\/v2\/product_cat?post=2517"},{"taxonomy":"product_tag","embeddable":true,"href":"https:\/\/www.esashowroom.com\/en\/wp-json\/wp\/v2\/product_tag?post=2517"}],"curies":[{"name":"wp","href":"https:\/\/api.w.org\/{rel}","templated":true}]}}