{"id":2575,"date":"2025-11-12T19:06:13","date_gmt":"2025-11-12T19:06:13","guid":{"rendered":"http:\/\/www.esashowroom.com\/?post_type=product&#038;p=2575"},"modified":"2026-04-13T08:36:21","modified_gmt":"2026-04-13T08:36:21","slug":"ehram-ceviz-motif-korse","status":"publish","type":"product","link":"https:\/\/www.esashowroom.com\/en\/shop\/ehram-ceviz-motif-korse\/","title":{"rendered":"Ehram Walnut Motif Corset"},"content":{"rendered":"<p>EHRAM Collection<\/p>\n<p>&nbsp;<\/p>\n<p>Ehram fabrics are made from sheep\u2019s wool through highly labor-intensive processes and are woven by women on traditional looms. During weaving, motifs are crafted into the fabric using the wool\u2019s natural colors and colored yarns. In the collection, we use the fabric\u2019s distinctive shades such as brown, cream, and earth tones. These precious, handcrafted fabrics \u2014 made from sheep\u2019s wool and preferred for their natural, chemical-free qualities \u2014 carry deep spiritual value. Used for centuries in Anatolia, this fabric, known as Ehram, stands out with its motifs. Each motif has its own name and story. Anatolian women, who play the leading role in the production of Ehram, infuse the fabric with a unique soul through the motifs they weave.<\/p>\n<p>70% Cotton 30% Wool<\/p>","protected":false},"excerpt":{"rendered":"<p>EHRAM Collection &nbsp; Koyun y\u00fcn\u00fcnden yap\u0131lan \u00e7ok zahmetli a\u015famalardan ge\u00e7erek dokuma tezgahlar\u0131nda kad\u0131nlar taraf\u0131ndan dokunarak elde edilen kuma\u015flard\u0131r.&hellip;<\/p>","protected":false},"featured_media":2577,"comment_status":"open","ping_status":"closed","template":"","meta":[],"product_cat":[161,158],"product_tag":[],"class_list":{"0":"post-2575","1":"product","2":"type-product","3":"status-publish","4":"has-post-thumbnail","6":"product_cat-ehram","7":"product_cat-ust-giyim-kadin","9":"first","10":"instock","11":"sale","12":"shipping-taxable","13":"purchasable","14":"product-type-variable"},"_links":{"self":[{"href":"https:\/\/www.esashowroom.com\/en\/wp-json\/wp\/v2\/product\/2575","targetHints":{"allow":["GET"]}}],"collection":[{"href":"https:\/\/www.esashowroom.com\/en\/wp-json\/wp\/v2\/product"}],"about":[{"href":"https:\/\/www.esashowroom.com\/en\/wp-json\/wp\/v2\/types\/product"}],"replies":[{"embeddable":true,"href":"https:\/\/www.esashowroom.com\/en\/wp-json\/wp\/v2\/comments?post=2575"}],"version-history":[{"count":1,"href":"https:\/\/www.esashowroom.com\/en\/wp-json\/wp\/v2\/product\/2575\/revisions"}],"predecessor-version":[{"id":2576,"href":"https:\/\/www.esashowroom.com\/en\/wp-json\/wp\/v2\/product\/2575\/revisions\/2576"}],"wp:featuredmedia":[{"embeddable":true,"href":"https:\/\/www.esashowroom.com\/en\/wp-json\/wp\/v2\/media\/2577"}],"wp:attachment":[{"href":"https:\/\/www.esashowroom.com\/en\/wp-json\/wp\/v2\/media?parent=2575"}],"wp:term":[{"taxonomy":"product_cat","embeddable":true,"href":"https:\/\/www.esashowroom.com\/en\/wp-json\/wp\/v2\/product_cat?post=2575"},{"taxonomy":"product_tag","embeddable":true,"href":"https:\/\/www.esashowroom.com\/en\/wp-json\/wp\/v2\/product_tag?post=2575"}],"curies":[{"name":"wp","href":"https:\/\/api.w.org\/{rel}","templated":true}]}}