{"id":3321,"date":"2026-02-12T21:13:00","date_gmt":"2026-02-12T21:13:00","guid":{"rendered":"https:\/\/www.esashowroom.com\/?post_type=product&#038;p=3321"},"modified":"2026-04-14T11:33:16","modified_gmt":"2026-04-14T11:33:16","slug":"narcissus-siyah-pantolon","status":"publish","type":"product","link":"https:\/\/www.esashowroom.com\/en\/shop\/narcissus-siyah-pantolon\/","title":{"rendered":"Narcissus Siyah Pantolon"},"content":{"rendered":"<p data-start=\"0\" data-end=\"1108\">Narcissus, ormanlarda dola\u015fan ve g\u00fczelli\u011fiyle dillerde olan gen\u00e7 bir avc\u0131yd\u0131. Onu g\u00f6ren herkes hayranl\u0131kla bakar ama o kimseye d\u00f6n\u00fcp bakmazd\u0131; yaln\u0131zca kendi varl\u0131\u011f\u0131n\u0131n fark\u0131nda olan, ba\u015fkas\u0131n\u0131 g\u00f6rmeyen biriydi. Ormanda ya\u015fayan Echo ise onu uzaktan izlerdi. Konu\u015fmak isterdi ama laneti y\u00fcz\u00fcnden yaln\u0131zca ba\u015fkalar\u0131n\u0131n son s\u00f6zlerini tekrar edebilirdi; kendi sesine sahip de\u011fildi, ba\u015fkas\u0131n\u0131n sesinde var olabiliyordu. Bir g\u00fcn Narcissus su kenar\u0131na e\u011fildi ve suyun i\u00e7inde g\u00f6rd\u00fc\u011f\u00fc y\u00fcz onu b\u00fcy\u00fcledi. O kadar g\u00fczeldi ki kendi nefesinin varl\u0131\u011f\u0131n\u0131 unuttu. Echo uzaktan onun sesini yank\u0131lad\u0131; Narcissus ise ne yank\u0131y\u0131 duyabildi ne de kar\u015f\u0131s\u0131ndaki g\u00f6r\u00fcnt\u00fcn\u00fcn bir yans\u0131ma oldu\u011funu fark etti. Echo sesini kaybettik\u00e7e silindi, Narcissus ise bak\u0131\u015f\u0131n\u0131 ay\u0131ramad\u0131k\u00e7a orada kald\u0131. \u0130kisi de ula\u015famad\u0131klar\u0131 bir \u015feye tutunarak yok oldular; Echo g\u00fcnden g\u00fcne eriyerek \u00f6ld\u00fc, b\u00fct\u00fcn v\u00fccudundan arta kalan kemikleri kayalara, sesi ise yank\u0131lara d\u00f6n\u00fc\u015ft\u00fc. Narcissus ise \u00f6ld\u00fckten sonra nergis \u00e7i\u00e7e\u011fine d\u00f6n\u00fc\u015ft\u00fc. Bu masal, kar\u015f\u0131la\u015famayan iki benli\u011fin hik\u00e2yesidir: Echo ba\u015fkas\u0131nda var olmaya \u00e7al\u0131\u015f\u0131rken, Narcissus kendi g\u00f6r\u00fcnt\u00fcs\u00fcnde kaybolur.<\/p>\n<p data-start=\"1110\" data-end=\"1577\" data-is-last-node=\"\" data-is-only-node=\"\">Narcissus sudaki yans\u0131may\u0131 kendisi sand\u0131 ve ona ula\u015fmaya \u00e7al\u0131\u015f\u0131rken orada kald\u0131; insan kendini bir g\u00f6r\u00fcnt\u00fcye indirgedi\u011finde benli\u011fiyle ba\u011f\u0131n\u0131 kopar\u0131r. Koleksiyon, g\u00f6r\u00fclme arzusuyla \u00f6z benlik aras\u0131ndaki o k\u0131r\u0131lgan \u00e7izgiyi anlat\u0131r. Narcissus hik\u00e2yesi, kendine hayranl\u0131k de\u011fil bir kendilik yan\u0131lg\u0131s\u0131d\u0131r; yans\u0131ma benli\u011fin yerine ge\u00e7ti\u011finde ki\u015fi kendini tan\u0131may\u0131 b\u0131rak\u0131r. Koleksiyon, modern \u00e7a\u011f\u0131n aynalar\u0131nda kaybolan kimlikleri ve ger\u00e7ek benli\u011fe duyulan ihtiyac\u0131 anlat\u0131r.<\/p>","protected":false},"excerpt":{"rendered":"<p>Narcissus, ormanlarda dola\u015fan ve g\u00fczelli\u011fiyle dillerde olan gen\u00e7 bir avc\u0131yd\u0131. Onu g\u00f6ren herkes hayranl\u0131kla bakar ama o kimseye&hellip;<\/p>","protected":false},"featured_media":3322,"comment_status":"open","ping_status":"closed","template":"","meta":[],"product_cat":[174],"product_tag":[],"class_list":{"0":"post-3321","1":"product","2":"type-product","3":"status-publish","4":"has-post-thumbnail","6":"product_cat-narcissus","8":"first","9":"instock","10":"sale","11":"shipping-taxable","12":"purchasable","13":"product-type-variable"},"_links":{"self":[{"href":"https:\/\/www.esashowroom.com\/en\/wp-json\/wp\/v2\/product\/3321","targetHints":{"allow":["GET"]}}],"collection":[{"href":"https:\/\/www.esashowroom.com\/en\/wp-json\/wp\/v2\/product"}],"about":[{"href":"https:\/\/www.esashowroom.com\/en\/wp-json\/wp\/v2\/types\/product"}],"replies":[{"embeddable":true,"href":"https:\/\/www.esashowroom.com\/en\/wp-json\/wp\/v2\/comments?post=3321"}],"version-history":[{"count":1,"href":"https:\/\/www.esashowroom.com\/en\/wp-json\/wp\/v2\/product\/3321\/revisions"}],"predecessor-version":[{"id":3327,"href":"https:\/\/www.esashowroom.com\/en\/wp-json\/wp\/v2\/product\/3321\/revisions\/3327"}],"wp:featuredmedia":[{"embeddable":true,"href":"https:\/\/www.esashowroom.com\/en\/wp-json\/wp\/v2\/media\/3322"}],"wp:attachment":[{"href":"https:\/\/www.esashowroom.com\/en\/wp-json\/wp\/v2\/media?parent=3321"}],"wp:term":[{"taxonomy":"product_cat","embeddable":true,"href":"https:\/\/www.esashowroom.com\/en\/wp-json\/wp\/v2\/product_cat?post=3321"},{"taxonomy":"product_tag","embeddable":true,"href":"https:\/\/www.esashowroom.com\/en\/wp-json\/wp\/v2\/product_tag?post=3321"}],"curies":[{"name":"wp","href":"https:\/\/api.w.org\/{rel}","templated":true}]}}