{"id":3717,"date":"2026-04-14T08:05:13","date_gmt":"2026-04-14T08:05:13","guid":{"rendered":"http:\/\/www.esashowroom.com\/?post_type=product&#038;p=3717"},"modified":"2026-04-14T08:07:09","modified_gmt":"2026-04-14T08:07:09","slug":"ata-lira-orgu-mini-canta","status":"publish","type":"product","link":"https:\/\/www.esashowroom.com\/en\/shop\/ata-lira-orgu-mini-canta\/","title":{"rendered":"Ata Lira \u00d6rg\u00fc Mini \u00c7anta"},"content":{"rendered":"","protected":false},"excerpt":{"rendered":"<p>Ata Lira \u00d6rg\u00fc Mini \u00c7anta<\/p>\n<p>&nbsp;<\/p>","protected":false},"featured_media":3674,"comment_status":"open","ping_status":"closed","template":"","meta":[],"product_cat":[166],"product_tag":[],"class_list":{"0":"post-3717","1":"product","2":"type-product","3":"status-publish","4":"has-post-thumbnail","6":"product_cat-hat-ay","8":"first","9":"instock","10":"sale","11":"shipping-taxable","12":"purchasable","13":"product-type-simple"},"_links":{"self":[{"href":"https:\/\/www.esashowroom.com\/en\/wp-json\/wp\/v2\/product\/3717","targetHints":{"allow":["GET"]}}],"collection":[{"href":"https:\/\/www.esashowroom.com\/en\/wp-json\/wp\/v2\/product"}],"about":[{"href":"https:\/\/www.esashowroom.com\/en\/wp-json\/wp\/v2\/types\/product"}],"replies":[{"embeddable":true,"href":"https:\/\/www.esashowroom.com\/en\/wp-json\/wp\/v2\/comments?post=3717"}],"version-history":[{"count":2,"href":"https:\/\/www.esashowroom.com\/en\/wp-json\/wp\/v2\/product\/3717\/revisions"}],"predecessor-version":[{"id":3719,"href":"https:\/\/www.esashowroom.com\/en\/wp-json\/wp\/v2\/product\/3717\/revisions\/3719"}],"wp:featuredmedia":[{"embeddable":true,"href":"https:\/\/www.esashowroom.com\/en\/wp-json\/wp\/v2\/media\/3674"}],"wp:attachment":[{"href":"https:\/\/www.esashowroom.com\/en\/wp-json\/wp\/v2\/media?parent=3717"}],"wp:term":[{"taxonomy":"product_cat","embeddable":true,"href":"https:\/\/www.esashowroom.com\/en\/wp-json\/wp\/v2\/product_cat?post=3717"},{"taxonomy":"product_tag","embeddable":true,"href":"https:\/\/www.esashowroom.com\/en\/wp-json\/wp\/v2\/product_tag?post=3717"}],"curies":[{"name":"wp","href":"https:\/\/api.w.org\/{rel}","templated":true}]}}