{"id":3739,"date":"2026-04-14T08:40:25","date_gmt":"2026-04-14T08:40:25","guid":{"rendered":"http:\/\/www.esashowroom.com\/?post_type=product&#038;p=3739"},"modified":"2026-04-14T08:40:25","modified_gmt":"2026-04-14T08:40:25","slug":"ata-lira-orgulu-sac-aksesuari","status":"publish","type":"product","link":"https:\/\/www.esashowroom.com\/en\/shop\/ata-lira-orgulu-sac-aksesuari\/","title":{"rendered":"Ata Lira \u00d6rg\u00fcl\u00fc Sa\u00e7 Aksesuar\u0131"},"content":{"rendered":"","protected":false},"excerpt":{"rendered":"<p>Ata Lira \u00d6rg\u00fcl\u00fc Sa\u00e7 Aksesuar\u0131<\/p>","protected":false},"featured_media":3740,"comment_status":"open","ping_status":"closed","template":"","meta":[],"product_cat":[166],"product_tag":[],"class_list":{"0":"post-3739","1":"product","2":"type-product","3":"status-publish","4":"has-post-thumbnail","6":"product_cat-hat-ay","8":"first","9":"instock","10":"sale","11":"shipping-taxable","12":"purchasable","13":"product-type-simple"},"_links":{"self":[{"href":"https:\/\/www.esashowroom.com\/en\/wp-json\/wp\/v2\/product\/3739","targetHints":{"allow":["GET"]}}],"collection":[{"href":"https:\/\/www.esashowroom.com\/en\/wp-json\/wp\/v2\/product"}],"about":[{"href":"https:\/\/www.esashowroom.com\/en\/wp-json\/wp\/v2\/types\/product"}],"replies":[{"embeddable":true,"href":"https:\/\/www.esashowroom.com\/en\/wp-json\/wp\/v2\/comments?post=3739"}],"version-history":[{"count":1,"href":"https:\/\/www.esashowroom.com\/en\/wp-json\/wp\/v2\/product\/3739\/revisions"}],"predecessor-version":[{"id":3742,"href":"https:\/\/www.esashowroom.com\/en\/wp-json\/wp\/v2\/product\/3739\/revisions\/3742"}],"wp:featuredmedia":[{"embeddable":true,"href":"https:\/\/www.esashowroom.com\/en\/wp-json\/wp\/v2\/media\/3740"}],"wp:attachment":[{"href":"https:\/\/www.esashowroom.com\/en\/wp-json\/wp\/v2\/media?parent=3739"}],"wp:term":[{"taxonomy":"product_cat","embeddable":true,"href":"https:\/\/www.esashowroom.com\/en\/wp-json\/wp\/v2\/product_cat?post=3739"},{"taxonomy":"product_tag","embeddable":true,"href":"https:\/\/www.esashowroom.com\/en\/wp-json\/wp\/v2\/product_tag?post=3739"}],"curies":[{"name":"wp","href":"https:\/\/api.w.org\/{rel}","templated":true}]}}